{"id":906,"date":"2013-08-29T08:11:00","date_gmt":"2013-08-29T13:11:00","guid":{"rendered":"http:\/\/cristinarascon.com.mx\/?page_id=906"},"modified":"2015-12-23T17:55:20","modified_gmt":"2015-12-23T23:55:20","slug":"una-seleccion-de-1000-poemas-japoneses-basicos","status":"publish","type":"page","link":"http:\/\/cristinarascon.com.mx\/pt\/una-seleccion-de-1000-poemas-japoneses-basicos\/","title":{"rendered":"Uma selec\u00e7\u00e3o de 1000 poemas japoneses b\u00e1sicos"},"content":{"rendered":"<p><\/p>\n<p style=\"text-align: justify;\"><img loading=\"lazy\" decoding=\"async\" class=\"alignleft\" alt=\"6\" src=\"http:\/\/cristinarascon.com.mx\/\/wp-content\/uploads\/2013\/03\/6.jpg\" width=\"192\" height=\"284\" \/>Alias Editorial, M\u00e9xico, 2007.<br \/>\nTradu\u00e7\u00e3o liter\u00e1ria: Poesia Europeia do s\u00e9culo XX.<br \/>\nBil\u00edngue (Espanhol-Ingl\u00eas-Japon\u00eas).<br \/>\nAutor: Robert Filliou. Tradu\u00e7\u00e3o de Cristina Rasc\u00f3n \/ DO.<\/p>\n<p><em>Em 1971, Robert Filliou publicou na Alemanha uma sele\u00e7\u00e3o de 1000 poemas japoneses b\u00e1sicos \/; ein Sublimat aus 1000 Gedichte japanisch; um livro que cont\u00e9m os poemas que o autor fez a partir das 1000 palavras b\u00e1sicas japonesas localizadas no final do manual Japanese in a Hurry. Alias \u200b\u200bEditorial oferece uma tradu\u00e7\u00e3o espanhola deste t\u00edtulo; edi\u00e7\u00e3o bil\u00edngue \u00e9 ilustrada com ideogramas japoneses no curso de caligrafia que acompanham a publica\u00e7\u00e3o original. Kichigai: loucura \/ nossa sanidade \u00e9 loucura \/ e nossa loucura \u00e9 loucura (Robert Filliou). &#8211;\u00a0<\/em><\/p>\n<p style=\"text-align: right;\"><strong>Alias Editorial.<\/strong><\/p>\n<p>Alguns poemas do livro una selecci\u00f3n de 1000 poemas japoneses b\u00e1sicos \/ a selection from 1000 Basic Japanese Poems:<\/p>\n<p><strong>Leia o livro<a href=\"http:\/\/www.aliaseditorial.com\/fragmento\/volumen3\/\">aqu\u00ed<\/a><\/strong><\/p>\n<hr \/>\n<p><strong>Onde comprar:<\/strong>\u00a0<a href=\"http:\/\/www.aliaseditorial.com\/3.html\">http:\/\/www.aliaseditorial.com\/3.html<\/a><\/p>","protected":false},"excerpt":{"rendered":"<p>Alias Editorial, M\u00e9xico, 2007. Tradu\u00e7\u00e3o liter\u00e1ria: Poesia Europeia do s\u00e9culo XX. Bil\u00edngue (Espanhol-Ingl\u00eas-Japon\u00eas). Autor: Robert Filliou. Tradu\u00e7\u00e3o de Cristina Rasc\u00f3n \/ DO. Em 1971, Robert Filliou publicou na Alemanha uma sele\u00e7\u00e3o de 1000 poemas japoneses b\u00e1sicos \/; ein Sublimat aus 1000 Gedichte japanisch; um livro que cont\u00e9m os poemas que o autor fez a partir [&hellip;]<\/p>\n","protected":false},"author":5,"featured_media":0,"parent":0,"menu_order":0,"comment_status":"closed","ping_status":"closed","template":"","meta":{"_et_pb_use_builder":"","_et_pb_old_content":"","_et_gb_content_width":"","_exactmetrics_skip_tracking":false,"_exactmetrics_sitenote_active":false,"_exactmetrics_sitenote_note":"","_exactmetrics_sitenote_category":0,"footnotes":""},"class_list":["post-906","page","type-page","status-publish","hentry"],"aioseo_notices":[],"_links":{"self":[{"href":"http:\/\/cristinarascon.com.mx\/pt\/wp-json\/wp\/v2\/pages\/906","targetHints":{"allow":["GET"]}}],"collection":[{"href":"http:\/\/cristinarascon.com.mx\/pt\/wp-json\/wp\/v2\/pages"}],"about":[{"href":"http:\/\/cristinarascon.com.mx\/pt\/wp-json\/wp\/v2\/types\/page"}],"author":[{"embeddable":true,"href":"http:\/\/cristinarascon.com.mx\/pt\/wp-json\/wp\/v2\/users\/5"}],"replies":[{"embeddable":true,"href":"http:\/\/cristinarascon.com.mx\/pt\/wp-json\/wp\/v2\/comments?post=906"}],"version-history":[{"count":10,"href":"http:\/\/cristinarascon.com.mx\/pt\/wp-json\/wp\/v2\/pages\/906\/revisions"}],"predecessor-version":[{"id":1240,"href":"http:\/\/cristinarascon.com.mx\/pt\/wp-json\/wp\/v2\/pages\/906\/revisions\/1240"}],"wp:attachment":[{"href":"http:\/\/cristinarascon.com.mx\/pt\/wp-json\/wp\/v2\/media?parent=906"}],"curies":[{"name":"wp","href":"https:\/\/api.w.org\/{rel}","templated":true}]}}