{"id":889,"date":"2013-08-29T05:39:46","date_gmt":"2013-08-29T10:39:46","guid":{"rendered":"http:\/\/cristinarascon.com.mx\/?page_id=889"},"modified":"2015-12-23T17:47:57","modified_gmt":"2015-12-23T23:47:57","slug":"el-agua-esta-helada","status":"publish","type":"page","link":"http:\/\/cristinarascon.com.mx\/pt\/el-agua-esta-helada\/","title":{"rendered":"El agua est\u00e1 helada"},"content":{"rendered":"<p><img loading=\"lazy\" decoding=\"async\" class=\"alignleft size-full wp-image-321\" alt=\"3\" src=\"http:\/\/cristinarascon.com.mx\/\/wp-content\/uploads\/2013\/03\/3.jpg\" width=\"192\" height=\"284\" \/><\/p>\n<p>Instituto Sonorense de Cultura (ISC), 2006.<br \/>\n<strong>Literatura:<\/strong> Fic\u00e7\u00e3o (hist\u00f3rias\/contos).<br \/>\n<strong>Autor:<\/strong> Cristina Rasc\u00f3n Castro.<br \/>\nPr\u00eamio Livro de Sonora, 2005.<\/p>\n<p><em>Ler a Cristina Rascon foi um deslumbramento, por v\u00e1rias raz\u00f5es. A primeira e mais importante: a prosa \u00e9 clara e l\u00fadica. Sua capacidade de dizer nas entrelinhas muito mais do que o plasma e sua redescoberta de um castelhano, como muitas vezes acontece com os escritores que vivem um longo tempo com uma l\u00edngua estrangeira, descobre-se e nos descobre, por sua vez, como uma fruta rara e deliciosa. Cristina nos apresenta uma cultura, uma paisagem, uma linguagem e um cen\u00e1rio que, embora sejam estranhos para a autora como para o leitor, tornam-se pr\u00f3ximos, pela magia de uma contadora de hist\u00f3rias habilidosa, que trabalha a partir do seu pr\u00f3prio estranhamento, produzindo uma atmosfera t\u00e3o ex\u00f3tica quanto po\u00e9tica. Como Sei-Shonagon, autora lend\u00e1ria do Jap\u00e3o medieval, que Cristina apresenta com ci\u00fames n\u00e3o s\u00f3 de sua rival, Murasaki Shikibu, mas acima de tudo do talento de sua escrava, que n\u00e3o mereceu sequer um nome para a posteridade, Cristina escreveu mais que um livro de contos, um livro de cabeceira perfumado, cheio de segredos fascinantes: &#8220;\u00c9 dif\u00edcil sentir que a palavra \u00e9 in\u00fatil, que o sorriso pode mais e que \u00e0 noite n\u00e3o faz diferen\u00e7a (&#8230;) a \u00e1gua \u00e9 gelada, como o meu corpo entre as ondas\u201d.<\/em> &#8211;\u00a0<strong>Eve Gil\u00a0<\/strong><\/p>\n<p>Alguns contos do livro <em>El agua est\u00e1 helada<\/em>:<\/p>\n<ul>\n<li><strong>Isoledad \u00a0 <a href=\"http:\/\/cristinarascon.com.mx\/wp-content\/uploads\/2013\/03\/ISOLEDAD-ESP.pdf\"><img loading=\"lazy\" decoding=\"async\" class=\"alignnone size-full wp-image-414\" alt=\"bandera-mexico\" src=\"http:\/\/cristinarascon.com.mx\/wp-content\/uploads\/2013\/02\/bandera-mexico.png\" width=\"24\" height=\"14\" \/><\/a>\u00a0\u00a0<a href=\"http:\/\/cristinarascon.com.mx\/wp-content\/uploads\/2013\/03\/ISOLEDAD-ENG.pdf\"><img loading=\"lazy\" decoding=\"async\" class=\"alignnone size-full wp-image-435\" alt=\"bandera-uk\" src=\"http:\/\/cristinarascon.com.mx\/wp-content\/uploads\/2013\/03\/bandera-uk.png\" width=\"24\" height=\"12\" \/><\/a><\/strong><\/li>\n<li><strong>Shirahama \u00a0 <a href=\"http:\/\/cristinarascon.com.mx\/wp-content\/uploads\/2013\/03\/SHIRAHAMA-ALEMAN-corr.pdf\"><img loading=\"lazy\" decoding=\"async\" class=\"alignnone size-full wp-image-503\" alt=\"bandera-alemania\" src=\"http:\/\/cristinarascon.com.mx\/wp-content\/uploads\/2013\/03\/bandera-alemania.png\" width=\"24\" height=\"16\" \/><\/a>\u00a0 \u00a0<a href=\"http:\/\/cristinarascon.com.mx\/wp-content\/uploads\/2013\/03\/SHIRAHAMA-ESP.pdf\"><img loading=\"lazy\" decoding=\"async\" class=\"alignnone size-full wp-image-414\" alt=\"bandera-mexico\" src=\"http:\/\/cristinarascon.com.mx\/wp-content\/uploads\/2013\/02\/bandera-mexico.png\" width=\"24\" height=\"14\" \/><\/a>\u00a0 \u00a0<a href=\"http:\/\/cristinarascon.com.mx\/wp-content\/uploads\/2013\/03\/SHIRAHAMA-ENG.pdf\"><img loading=\"lazy\" decoding=\"async\" class=\"alignnone size-full wp-image-435\" alt=\"bandera-uk\" src=\"http:\/\/cristinarascon.com.mx\/wp-content\/uploads\/2013\/03\/bandera-uk.png\" width=\"24\" height=\"12\" \/><\/a><\/strong><\/li>\n<li><strong>Conversaciones \u00a0 <a href=\"http:\/\/cristinarascon.com.mx\/wp-content\/uploads\/2013\/03\/CONVERSACIONES-CHINO.pdf\"><img loading=\"lazy\" decoding=\"async\" class=\"alignnone size-full wp-image-431\" alt=\"bandera-china\" src=\"http:\/\/cristinarascon.com.mx\/wp-content\/uploads\/2013\/03\/bandera-china.png\" width=\"24\" height=\"16\" \/><\/a>\u00a0\u00a0<a href=\"http:\/\/cristinarascon.com.mx\/wp-content\/uploads\/2013\/03\/CONVERSACIONES-ESP.pdf\"><img loading=\"lazy\" decoding=\"async\" class=\"alignnone size-full wp-image-414\" alt=\"bandera-mexico\" src=\"http:\/\/cristinarascon.com.mx\/wp-content\/uploads\/2013\/02\/bandera-mexico.png\" width=\"24\" height=\"14\" \/><\/a>\u00a0\u00a0<a href=\"http:\/\/cristinarascon.com.mx\/wp-content\/uploads\/2013\/03\/CONVERSACIONES-ENG.pdf\"><img loading=\"lazy\" decoding=\"async\" class=\"alignnone size-full wp-image-435\" alt=\"bandera-uk\" src=\"http:\/\/cristinarascon.com.mx\/wp-content\/uploads\/2013\/03\/bandera-uk.png\" width=\"24\" height=\"12\" \/><\/a><\/strong><\/li>\n<\/ul>\n<hr \/>\n<p><strong>Onde comprar:<\/strong><br \/>\n<a href=\"http:\/\/www.orbispress.com\/colecciones\/libro_sonorense.htm\">http:\/\/www.orbispress.com\/colecciones\/libro_sonorense.htm<\/a><br \/>\n<a href=\"http:\/\/www.isc.gob.mx\/libreria.php\">http:\/\/www.isc.gob.mx\/libreria.php<\/a><\/p>","protected":false},"excerpt":{"rendered":"<p>Instituto Sonorense de Cultura (ISC), 2006. Literatura: Fic\u00e7\u00e3o (hist\u00f3rias\/contos). Autor: Cristina Rasc\u00f3n Castro. Pr\u00eamio Livro de Sonora, 2005. Ler a Cristina Rascon foi um deslumbramento, por v\u00e1rias raz\u00f5es. A primeira e mais importante: a prosa \u00e9 clara e l\u00fadica. Sua capacidade de dizer nas entrelinhas muito mais do que o plasma e sua redescoberta de [&hellip;]<\/p>\n","protected":false},"author":5,"featured_media":0,"parent":0,"menu_order":0,"comment_status":"closed","ping_status":"closed","template":"","meta":{"_et_pb_use_builder":"","_et_pb_old_content":"","_et_gb_content_width":"","_exactmetrics_skip_tracking":false,"_exactmetrics_sitenote_active":false,"_exactmetrics_sitenote_note":"","_exactmetrics_sitenote_category":0,"footnotes":""},"class_list":["post-889","page","type-page","status-publish","hentry"],"aioseo_notices":[],"_links":{"self":[{"href":"http:\/\/cristinarascon.com.mx\/pt\/wp-json\/wp\/v2\/pages\/889","targetHints":{"allow":["GET"]}}],"collection":[{"href":"http:\/\/cristinarascon.com.mx\/pt\/wp-json\/wp\/v2\/pages"}],"about":[{"href":"http:\/\/cristinarascon.com.mx\/pt\/wp-json\/wp\/v2\/types\/page"}],"author":[{"embeddable":true,"href":"http:\/\/cristinarascon.com.mx\/pt\/wp-json\/wp\/v2\/users\/5"}],"replies":[{"embeddable":true,"href":"http:\/\/cristinarascon.com.mx\/pt\/wp-json\/wp\/v2\/comments?post=889"}],"version-history":[{"count":8,"href":"http:\/\/cristinarascon.com.mx\/pt\/wp-json\/wp\/v2\/pages\/889\/revisions"}],"predecessor-version":[{"id":1206,"href":"http:\/\/cristinarascon.com.mx\/pt\/wp-json\/wp\/v2\/pages\/889\/revisions\/1206"}],"wp:attachment":[{"href":"http:\/\/cristinarascon.com.mx\/pt\/wp-json\/wp\/v2\/media?parent=889"}],"curies":[{"name":"wp","href":"https:\/\/api.w.org\/{rel}","templated":true}]}}