{"id":881,"date":"2013-08-28T06:15:20","date_gmt":"2013-08-28T11:15:20","guid":{"rendered":"http:\/\/cristinarascon.com.mx\/?page_id=881"},"modified":"2015-12-23T17:51:26","modified_gmt":"2015-12-23T23:51:26","slug":"hanami","status":"publish","type":"page","link":"http:\/\/cristinarascon.com.mx\/pt\/hanami\/","title":{"rendered":"Hanami"},"content":{"rendered":"<p><img loading=\"lazy\" decoding=\"async\" class=\"alignleft size-full wp-image-320\" alt=\"2\" src=\"http:\/\/cristinarascon.com.mx\/\/wp-content\/uploads\/2013\/03\/2.jpg\" width=\"192\" height=\"284\" \/>Editorial Tierra Adentro, 2009.<br \/>\nLiteratura: Fic\u00e7\u00e3o (hist\u00f3rias\/contos).<br \/>\nAutor: Cristina Rasc\u00f3n Castro.<br \/>\nPr\u00eamio de Conto na Am\u00e9rica Latina \u201cBenem\u00e9rito de Am\u00e9rica\u201d de 2005.<\/p>\n<p style=\"text-align: justify;\"><em>&#8220;Uma prosa firme que encontra nos valores orientais de ordem, modera\u00e7\u00e3o e espa\u00e7o aberto, seus detonadores de beleza. Cada uma dos oito contos que comp\u00f5em Hanami, possui tratamento preciso da linguagem que emerge de um fasc\u00ednio com o estrangeiro e que a partir desse choque, faz di\u00e1logo da identidade do estrangeiro com o Jap\u00e3o de hoje. Essa proje\u00e7\u00e3o se estende desde a tradi\u00e7\u00e3o de kanji at\u00e9 Ryu Murakami e Banana Yoshimoto. Uma velha e suas plantas passeando de bicicleta, crian\u00e7as em meio de um sangramento causado pela gripe avi\u00e1ria, meninas de vinte anos que trabalham em um bar e vivem entre os luxos de sua dona tirana; fantasias l\u00e9sbicas de anime e outros elementos visuais coexistem em um livro bem calibrado, com um pequeno toque incisivo&#8221;.<\/em><\/p>\n<p style=\"text-align: right;\"><strong>Tierra Adentro, CONACULTA.<\/strong><\/p>\n<p>Alguns contos do livro Hanami: <i>Hanami<\/i>:<\/p>\n<ul>\n<li><b>Senil casualidad \u00a0 \u00a0<a href=\"http:\/\/cristinarascon.com.mx\/wp-content\/uploads\/2013\/03\/SENIL-CASUALIDAD-ALEMAN.pdf\"><img loading=\"lazy\" decoding=\"async\" class=\"alignnone size-full wp-image-503\" alt=\"bandera-alemania\" src=\"http:\/\/cristinarascon.com.mx\/wp-content\/uploads\/2013\/03\/bandera-alemania.png\" width=\"24\" height=\"16\" \/><\/a>\u00a0 <a href=\"http:\/\/cristinarascon.com.mx\/wp-content\/uploads\/2013\/03\/SENIL-CASUALIDAD-ESP.pdf\"><img loading=\"lazy\" decoding=\"async\" class=\"alignnone size-full wp-image-414\" alt=\"bandera-mexico\" src=\"http:\/\/cristinarascon.com.mx\/wp-content\/uploads\/2013\/02\/bandera-mexico.png\" width=\"24\" height=\"14\" \/><\/a>\u00a0 <a href=\"http:\/\/cristinarascon.com.mx\/wp-content\/uploads\/2013\/03\/SENIL-CASUALIDAD-ENGLISH-todavia-no-rev.pdf\"><img loading=\"lazy\" decoding=\"async\" class=\"alignnone size-full wp-image-435\" alt=\"bandera-uk\" src=\"http:\/\/cristinarascon.com.mx\/wp-content\/uploads\/2013\/03\/bandera-uk.png\" width=\"24\" height=\"12\" \/><\/a>\u00a0\u00a0<a href=\"http:\/\/cristinarascon.com.mx\/wp-content\/uploads\/2013\/03\/SENIL-CASUALIDAD-JAPONES.pdf\"><img loading=\"lazy\" decoding=\"async\" class=\"alignnone size-full wp-image-433\" alt=\"bandera-jap\" src=\"http:\/\/cristinarascon.com.mx\/wp-content\/uploads\/2013\/03\/bandera-jap.png\" width=\"24\" height=\"16\" \/><\/a><\/b><\/li>\n<li><b>Anime Animal \u00a0 \u00a0<a href=\"http:\/\/cristinarascon.com.mx\/wp-content\/uploads\/2013\/03\/ANIME-ANIMAL-ESP.pdf\"><img loading=\"lazy\" decoding=\"async\" class=\"alignnone size-full wp-image-414\" alt=\"bandera-mexico\" src=\"http:\/\/cristinarascon.com.mx\/wp-content\/uploads\/2013\/02\/bandera-mexico.png\" width=\"24\" height=\"14\" \/><\/a>\u00a0<a href=\"http:\/\/cristinarascon.com.mx\/wp-content\/uploads\/2013\/03\/ANIME-ANIMAL-FRANCES.pdf\"><img loading=\"lazy\" decoding=\"async\" class=\"alignnone size-full wp-image-432\" alt=\"bandera-fra\" src=\"http:\/\/cristinarascon.com.mx\/wp-content\/uploads\/2013\/03\/bandera-fra.png\" width=\"24\" height=\"16\" \/><\/a>\u00a0<a href=\"http:\/\/cristinarascon.com.mx\/wp-content\/uploads\/2013\/03\/ANIME-ANIMAL-ENG-todavia-no-rev.pdf\"><img loading=\"lazy\" decoding=\"async\" class=\"alignnone size-full wp-image-435\" alt=\"bandera-uk\" src=\"http:\/\/cristinarascon.com.mx\/wp-content\/uploads\/2013\/03\/bandera-uk.png\" width=\"24\" height=\"12\" \/>\u00a0<\/a><\/b><\/li>\n<li><b>Leyenda sin tierra \u00a0 \u00a0<a href=\"http:\/\/cristinarascon.com.mx\/wp-content\/uploads\/2013\/03\/LEYENDA-SIN-TIERRA-ESP-ENG.pdf\"><img loading=\"lazy\" decoding=\"async\" class=\"alignnone size-full wp-image-414\" alt=\"bandera-mexico\" src=\"http:\/\/cristinarascon.com.mx\/wp-content\/uploads\/2013\/02\/bandera-mexico.png\" width=\"24\" height=\"14\" \/><\/a>\u00a0 \u00a0\u00a0<a href=\"http:\/\/cristinarascon.com.mx\/wp-content\/uploads\/2013\/05\/LEYENDA_SIN_TIERRA_JAP_full.pdf\"><img loading=\"lazy\" decoding=\"async\" class=\"alignnone size-full wp-image-433\" alt=\"bandera-jap\" src=\"http:\/\/cristinarascon.com.mx\/wp-content\/uploads\/2013\/03\/bandera-jap.png\" width=\"24\" height=\"16\" \/><\/a><\/b><\/li>\n<li><em id=\"__mceDel\"><b>Hanami\u00a0<a href=\"http:\/\/cristinarascon.com.mx\/wp-content\/uploads\/2013\/03\/HANAMI-ESP.pdf\"><img loading=\"lazy\" decoding=\"async\" class=\"alignnone size-full wp-image-414\" alt=\"bandera-mexico\" src=\"http:\/\/cristinarascon.com.mx\/wp-content\/uploads\/2013\/02\/bandera-mexico.png\" width=\"24\" height=\"14\" \/><\/a><\/b><\/em><\/li>\n<\/ul>\n<hr \/>\n<p><strong>Onde comprar:<\/strong><\/p>\n<p><a href=\"http:\/\/www.educal.com.mx\/listado.php?busqueda=hanami&amp;resultados=20\">http:\/\/www.educal.com.mx\/listado.php?busqueda=hanami&amp;resultados=20<\/a><br \/>\n<a href=\"http:\/\/www.conaculta.gob.mx\/tierra\/fondo.htm\">http:\/\/www.conaculta.gob.mx\/tierra\/fondo.htm<\/a><\/p>","protected":false},"excerpt":{"rendered":"<p>Editorial Tierra Adentro, 2009. Literatura: Fic\u00e7\u00e3o (hist\u00f3rias\/contos). Autor: Cristina Rasc\u00f3n Castro. Pr\u00eamio de Conto na Am\u00e9rica Latina \u201cBenem\u00e9rito de Am\u00e9rica\u201d de 2005. &#8220;Uma prosa firme que encontra nos valores orientais de ordem, modera\u00e7\u00e3o e espa\u00e7o aberto, seus detonadores de beleza. Cada uma dos oito contos que comp\u00f5em Hanami, possui tratamento preciso da linguagem que emerge [&hellip;]<\/p>\n","protected":false},"author":5,"featured_media":0,"parent":0,"menu_order":0,"comment_status":"closed","ping_status":"closed","template":"","meta":{"_et_pb_use_builder":"","_et_pb_old_content":"","_et_gb_content_width":"","_exactmetrics_skip_tracking":false,"_exactmetrics_sitenote_active":false,"_exactmetrics_sitenote_note":"","_exactmetrics_sitenote_category":0,"footnotes":""},"class_list":["post-881","page","type-page","status-publish","hentry"],"aioseo_notices":[],"_links":{"self":[{"href":"http:\/\/cristinarascon.com.mx\/pt\/wp-json\/wp\/v2\/pages\/881","targetHints":{"allow":["GET"]}}],"collection":[{"href":"http:\/\/cristinarascon.com.mx\/pt\/wp-json\/wp\/v2\/pages"}],"about":[{"href":"http:\/\/cristinarascon.com.mx\/pt\/wp-json\/wp\/v2\/types\/page"}],"author":[{"embeddable":true,"href":"http:\/\/cristinarascon.com.mx\/pt\/wp-json\/wp\/v2\/users\/5"}],"replies":[{"embeddable":true,"href":"http:\/\/cristinarascon.com.mx\/pt\/wp-json\/wp\/v2\/comments?post=881"}],"version-history":[{"count":7,"href":"http:\/\/cristinarascon.com.mx\/pt\/wp-json\/wp\/v2\/pages\/881\/revisions"}],"predecessor-version":[{"id":1220,"href":"http:\/\/cristinarascon.com.mx\/pt\/wp-json\/wp\/v2\/pages\/881\/revisions\/1220"}],"wp:attachment":[{"href":"http:\/\/cristinarascon.com.mx\/pt\/wp-json\/wp\/v2\/media?parent=881"}],"curies":[{"name":"wp","href":"https:\/\/api.w.org\/{rel}","templated":true}]}}