{"id":1617,"date":"2021-06-13T18:34:45","date_gmt":"2021-06-13T23:34:45","guid":{"rendered":"http:\/\/cristinarascon.com.mx\/?page_id=1617"},"modified":"2025-05-19T10:22:38","modified_gmt":"2025-05-19T16:22:38","slug":"trayectoria","status":"publish","type":"page","link":"http:\/\/cristinarascon.com.mx\/pt\/","title":{"rendered":"Trayectoria"},"content":{"rendered":"<p>[et_pb_section fb_built=&#8221;1&#8243; next_background_color=&#8221;#ffffff&#8221; admin_label=&#8221;Hero Section&#8221; _builder_version=&#8221;4.24.2&#8243; use_background_color_gradient=&#8221;on&#8221; background_color_gradient_stops=&#8221;rgba(0,0,0,0.4) 0%|rgba(0,0,0,0.4) 100%&#8221; background_color_gradient_overlays_image=&#8221;on&#8221; background_color_gradient_start=&#8221;rgba(0,0,0,0.4)&#8221; background_color_gradient_end=&#8221;rgba(0,0,0,0.4)&#8221; background_image=&#8221;http:\/\/cristinarascon.com.mx\/wp-content\/uploads\/2024\/02\/Cristina-Rascon-1.jpeg&#8221; background_position=&#8221;center_right&#8221; custom_padding=&#8221;6%||6%|&#8221; bottom_divider_style=&#8221;slant&#8221; bottom_divider_height=&#8221;60px&#8221; global_colors_info=&#8221;{}&#8221; background_color_gradient_direction__hover=&#8221;180deg&#8221; background_color_gradient_direction__hover_enabled=&#8221;180deg&#8221; background_color_gradient_start_position__hover=&#8221;0%&#8221; background_color_gradient_start_position__hover_enabled=&#8221;0%&#8221; background_color_gradient_end_position__hover=&#8221;100%&#8221; background_color_gradient_end_position__hover_enabled=&#8221;100%&#8221; background_color_gradient_stops__hover=&#8221;rgba(0,0,0,0.4) 0%|rgba(0,0,0,0.4) 100%&#8221;][et_pb_row _builder_version=&#8221;4.16&#8243; _module_preset=&#8221;default&#8221; global_colors_info=&#8221;{}&#8221;][et_pb_column type=&#8221;4_4&#8243; _builder_version=&#8221;4.16&#8243; _module_preset=&#8221;default&#8221; global_colors_info=&#8221;{}&#8221;][et_pb_text _builder_version=&#8221;4.27.0&#8243; _module_preset=&#8221;default&#8221; header_font=&#8221;|700|||||||&#8221; header_font_size=&#8221;55px&#8221; header_2_font_size=&#8221;55px&#8221; hover_enabled=&#8221;0&#8243; global_colors_info=&#8221;{}&#8221; header_2_font_size_last_edited=&#8221;on|phone&#8221; header_2_font_size_phone=&#8221;45px&#8221; sticky_enabled=&#8221;0&#8243; header_2_font_size_tablet=&#8221;55px&#8221;]<\/p>\n<h2><span style=\"color: #ffffff;\"><strong>Trayectoria<\/strong><\/span><\/h2>\n<p>[\/et_pb_text][\/et_pb_column][\/et_pb_row][\/et_pb_section][et_pb_section fb_built=&#8221;1&#8243; disabled_on=&#8221;off|off|off&#8221; admin_label=&#8221;Featured Project&#8221; _builder_version=&#8221;4.16&#8243; custom_padding=&#8221;18px||19px|||&#8221; global_colors_info=&#8221;{}&#8221;][et_pb_row column_structure=&#8221;3_5,2_5&#8243; admin_label=&#8221;Featured Project&#8221; _builder_version=&#8221;4.16&#8243; custom_padding=&#8221;||12px|||&#8221; global_colors_info=&#8221;{}&#8221;][et_pb_column type=&#8221;3_5&#8243; _builder_version=&#8221;4.16&#8243; custom_padding=&#8221;|||&#8221; global_colors_info=&#8221;{}&#8221; custom_padding__hover=&#8221;|||&#8221;][et_pb_text disabled_on=&#8221;off|off|off&#8221; admin_label=&#8221;Title&#8221; _builder_version=&#8221;4.16&#8243; text_font=&#8221;Montserrat|||on|||||&#8221; text_font_size=&#8221;16px&#8221; text_line_height=&#8221;1.8em&#8221; header_font=&#8221;||||||||&#8221; header_2_font=&#8221;Montserrat|600||on|||||&#8221; header_2_font_size=&#8221;24px&#8221; header_2_line_height=&#8221;1.5em&#8221; custom_margin=&#8221;||5px|&#8221; animation_style=&#8221;slide&#8221; animation_direction=&#8221;top&#8221; animation_intensity_slide=&#8221;20%&#8221; animation_starting_opacity=&#8221;100%&#8221; global_colors_info=&#8221;{}&#8221;]<\/p>\n<h1><strong>Cristina Rasc\u00f3n<\/strong><\/h1>\n<h2><strong> (Sonora\/Sinaloa, M\u00e9xico, 1976)<\/strong><\/h2>\n<p>[\/et_pb_text][et_pb_divider show_divider=&#8221;off&#8221; _builder_version=&#8221;4.16&#8243; max_width=&#8221;23px&#8221; module_alignment=&#8221;left&#8221; animation_style=&#8221;slide&#8221; animation_intensity_slide=&#8221;20%&#8221; animation_starting_opacity=&#8221;100%&#8221; locked=&#8221;off&#8221; global_colors_info=&#8221;{}&#8221;][\/et_pb_divider][et_pb_text _builder_version=&#8221;4.27.0&#8243; text_font=&#8221;||||||||&#8221; text_font_size=&#8221;16px&#8221; text_line_height=&#8221;1.8em&#8221; header_font=&#8221;||||||||&#8221; max_width=&#8221;90%&#8221; custom_margin=&#8221;|||&#8221; animation_style=&#8221;flip&#8221; animation_direction=&#8221;left&#8221; animation_intensity_flip=&#8221;30%&#8221; animation_starting_opacity=&#8221;100%&#8221; hover_enabled=&#8221;0&#8243; global_colors_info=&#8221;{}&#8221; sticky_enabled=&#8221;0&#8243;]<\/p>\n<p>Escritora, economista y traductora de poes\u00eda japonesa. Miembro del Sistema Nacional de Creadores de Arte (SNCA).<\/p>\n<p>Autora de los libros de cuento La desilusi\u00f3n \u00f3ptima del amor, Dime tu nombre, En voz alta, Hanami, Cuentr\u00e1ficos, entre otros; del libro de cr\u00f3nicas Mi Patagonia; de los libros de haiku Reflejos y Zool\u00f3gico de palabritas (este \u00faltimo para ni\u00f1os), del libro de minificci\u00f3n El sonido de las hojas; as\u00ed como del libro de divulgaci\u00f3n Para entender la econom\u00eda del arte. Tradujo del japon\u00e9s los poemarios Amor, jazz, desnudez, viajes, una cocina a media noche y poes\u00eda selecta (antolog\u00eda de Tanikawa), as\u00ed como Sin conocer el mundo y Dos mil millones de a\u00f1os luz de soledad, del mismo autor; Agend\u2019Ars de Suga y la colecci\u00f3n de haiku Flor del alba, de Chiyo-ni (versi\u00f3n triling\u00fce en espa\u00f1ol, japon\u00e9s y n\u00e1huatl, en colaboraci\u00f3n con Mardonio Carballo). Del ingl\u00e9s, Rascon tradujo los libros: 1000 poemas japoneses b\u00e1sicos, de Filliou y la novela Collages, de Ana\u00efs Nin.<\/p>\n<p>Con su pareja, el escritor Mauricio Molina (E.P.D.), fund\u00f3 y dirigi\u00f3 Skribalia: Escuela Global de Escritores en L\u00ednea, desde la cual ofrecieron cursos gratuitos durante el confinamiento por Covid-19. Fue directora de la Coordinaci\u00f3n Nacional de Literatura en el INBAL, donde cre\u00f3 el Premio Bellas Artes de Literatura en Lenguas Ind\u00edgenas, el Premio Bellas Artes Sonora de Minificci\u00f3n Edmundo Valad\u00e9s, la plataforma electr\u00f3nica para participantes en los premios literarios nacionales y el Diplomado Literaturas Mexicanas en Lenguas Ind\u00edgenas. Consultora varios a\u00f1os para el Organismo Internacional de Energ\u00eda At\u00f3mica de las Naciones Unidas en Austria, coordin\u00f3 en Viena el Taller Literario de la Embajada de M\u00e9xico. En el sur de Sonora, cre\u00f3 y coordin\u00f3 el Certamen Literario Jiosiata Nooki, en espa\u00f1ol, yaqui y mayo, coordin\u00f3 el bolet\u00edn de logros de mujeres ind\u00edgenas para Grameen de la Frontera y colabor\u00f3 con Provay y otras asociaciones civiles en proyectos de cultura, desarrollo sustentable y temas ind\u00edgenas. Invitada a residencias art\u00edsticas en Austria, Brasil, China, Canad\u00e1 y M\u00e9xico\/Estados Unidos, parte de su obra se ha traducido a una decena de idiomas.<\/p>\n<p>Rasc\u00f3n ha recibido el Premio Sonora para la Cultura y las Artes, el Premio Latinoamericano Benem\u00e9rito de Am\u00e9rica, el Premio Regional de Literatura del Noroeste y el Premio Libro Sonorense, adem\u00e1s del tercer lugar en el Premio Internacional de Haiku \u201cKusamakura\u201d (Jap\u00f3n) en lengua extranjera. Licenciada en Econom\u00eda por el Tec de Monterrey (M\u00e9xico) y Maestra en Pol\u00edtica P\u00fablica por la Universidad de \u014csaka (Jap\u00f3n), realiz\u00f3 un posgrado en Historia Econ\u00f3mica de la India en la misma universidad y obtuvo el Diplomado en Estudios Asi\u00e1ticos en la Universidad de Kansai Gaidai. Ha cursado programas de Desarrollo Sustentable por el World Bank\u2019s Professionals College, de Pol\u00edtica P\u00fablica Cultural en el Instituto Tecnol\u00f3gico de Sonora (ITSON), y de literatura y g\u00e9nero de China, Jap\u00f3n, India y sudeste asi\u00e1tico en el Programa Universitario de Estudios sobre Asia y \u00c1frica (PUEAA-UNAM).<\/p>\n<p>Actualmente es doctorante en Literatura Hispanoamericana en la Universidad Veracruzana, con una tesis sobre haiku hispanoamericano, y coordina el primer diccionario en l\u00ednea especializado en haiku y palabras estacionales kigo en espa\u00f1ol (www.haikukigo.com), el cual tradujo del japon\u00e9s al espa\u00f1ol. Es miembro de la Asociaci\u00f3n de Exbecarios de Jap\u00f3n (AMEJ), de la Asociaci\u00f3n Mexicana de Traductores Literarios (AMETLI) y del Sistema Nacional de Creadores de Arte (SNCA).<br \/>www.cristinarascon.com.mx | \/Fb: Cristina Rasc\u00f3n-Escritora | \/Tw: @Crisapple76<\/p>\n<p>[\/et_pb_text][\/et_pb_column][et_pb_column type=&#8221;2_5&#8243; _builder_version=&#8221;4.16&#8243; custom_padding=&#8221;|||&#8221; global_colors_info=&#8221;{}&#8221; custom_padding__hover=&#8221;|||&#8221;][et_pb_image src=&#8221;http:\/\/cristinarascon.com.mx\/wp-content\/uploads\/2021\/06\/Trayectoria-Cristina-Rasc\u00f3n-Puerto-Pe\u00f1asco-2013-recortada-244&#215;300.jpg&#8221; title_text=&#8221;Trayectoria Cristina Rasc\u00f3n Puerto Pe\u00f1asco 2013 recortada&#8221; align=&#8221;center&#8221; src_tablet=&#8221;&#8221; src_phone=&#8221;&#8221; src_last_edited=&#8221;on|desktop&#8221; _builder_version=&#8221;4.16&#8243; _module_preset=&#8221;default&#8221; min_height=&#8221;450px&#8221; custom_padding=&#8221;93px|||||&#8221; animation_style=&#8221;slide&#8221; animation_direction=&#8221;right&#8221; global_colors_info=&#8221;{}&#8221;][\/et_pb_image][et_pb_image src=&#8221;http:\/\/cristinarascon.com.mx\/wp-content\/uploads\/2013\/03\/CHiNA-7-225&#215;300.jpg&#8221; title_text=&#8221;CHiNA 7&#8243; align=&#8221;center&#8221; _builder_version=&#8221;4.16&#8243; _module_preset=&#8221;default&#8221; min_height=&#8221;486px&#8221; animation_style=&#8221;slide&#8221; animation_direction=&#8221;right&#8221; global_colors_info=&#8221;{}&#8221;][\/et_pb_image][\/et_pb_column][\/et_pb_row][\/et_pb_section]<\/p>\n","protected":false},"excerpt":{"rendered":"<p>TrayectoriaCristina Rasc\u00f3n (Sonora\/Sinaloa, M\u00e9xico, 1976)Escritora, economista y traductora de poes\u00eda japonesa. Miembro del Sistema Nacional de Creadores de Arte (SNCA). Autora de los libros de cuento La desilusi\u00f3n \u00f3ptima del amor, Dime tu nombre, En voz alta, Hanami, Cuentr\u00e1ficos, entre otros; del libro de cr\u00f3nicas Mi Patagonia; de los libros de haiku Reflejos y Zool\u00f3gico [&hellip;]<\/p>\n","protected":false},"author":5,"featured_media":0,"parent":0,"menu_order":0,"comment_status":"closed","ping_status":"closed","template":"","meta":{"_et_pb_use_builder":"on","_et_pb_old_content":"","_et_gb_content_width":"","_exactmetrics_skip_tracking":false,"_exactmetrics_sitenote_active":false,"_exactmetrics_sitenote_note":"","_exactmetrics_sitenote_category":0,"footnotes":""},"class_list":["post-1617","page","type-page","status-publish","hentry"],"aioseo_notices":[],"_links":{"self":[{"href":"http:\/\/cristinarascon.com.mx\/pt\/wp-json\/wp\/v2\/pages\/1617","targetHints":{"allow":["GET"]}}],"collection":[{"href":"http:\/\/cristinarascon.com.mx\/pt\/wp-json\/wp\/v2\/pages"}],"about":[{"href":"http:\/\/cristinarascon.com.mx\/pt\/wp-json\/wp\/v2\/types\/page"}],"author":[{"embeddable":true,"href":"http:\/\/cristinarascon.com.mx\/pt\/wp-json\/wp\/v2\/users\/5"}],"replies":[{"embeddable":true,"href":"http:\/\/cristinarascon.com.mx\/pt\/wp-json\/wp\/v2\/comments?post=1617"}],"version-history":[{"count":26,"href":"http:\/\/cristinarascon.com.mx\/pt\/wp-json\/wp\/v2\/pages\/1617\/revisions"}],"predecessor-version":[{"id":2047,"href":"http:\/\/cristinarascon.com.mx\/pt\/wp-json\/wp\/v2\/pages\/1617\/revisions\/2047"}],"wp:attachment":[{"href":"http:\/\/cristinarascon.com.mx\/pt\/wp-json\/wp\/v2\/media?parent=1617"}],"curies":[{"name":"wp","href":"https:\/\/api.w.org\/{rel}","templated":true}]}}