{"id":941,"date":"2013-10-03T05:02:35","date_gmt":"2013-10-03T10:02:35","guid":{"rendered":"http:\/\/cristinarascon.com.mx\/?page_id=941"},"modified":"2015-12-23T17:44:37","modified_gmt":"2015-12-23T23:44:37","slug":"alexandra-plubins","status":"publish","type":"page","link":"http:\/\/cristinarascon.com.mx\/fr\/creditos\/alexandra-plubins\/","title":{"rendered":"Alexandra Plubins"},"content":{"rendered":"<p class=\"qtranxs-available-languages-message qtranxs-available-languages-message-fr\">D\u00e9sol\u00e9, cet article est seulement disponible en <a href=\"http:\/\/cristinarascon.com.mx\/es\/wp-json\/wp\/v2\/pages\/941\" class=\"qtranxs-available-language-link qtranxs-available-language-link-es\" title=\"Espa\u00f1ol\">Espa\u00f1ol<\/a> et <a href=\"http:\/\/cristinarascon.com.mx\/pt\/wp-json\/wp\/v2\/pages\/941\" class=\"qtranxs-available-language-link qtranxs-available-language-link-pt\" title=\"Portugu\u00eas\">Portugu\u00eas<\/a>.<\/p>","protected":false},"excerpt":{"rendered":"<p>D\u00e9sol\u00e9, cet article est seulement disponible en Espa\u00f1ol et Portugu\u00eas.<\/p>\n","protected":false},"author":5,"featured_media":0,"parent":416,"menu_order":0,"comment_status":"closed","ping_status":"closed","template":"","meta":{"_et_pb_use_builder":"","_et_pb_old_content":"","_et_gb_content_width":"","_exactmetrics_skip_tracking":false,"_exactmetrics_sitenote_active":false,"_exactmetrics_sitenote_note":"","_exactmetrics_sitenote_category":0,"footnotes":""},"class_list":["post-941","page","type-page","status-publish","hentry"],"aioseo_notices":[],"_links":{"self":[{"href":"http:\/\/cristinarascon.com.mx\/fr\/wp-json\/wp\/v2\/pages\/941","targetHints":{"allow":["GET"]}}],"collection":[{"href":"http:\/\/cristinarascon.com.mx\/fr\/wp-json\/wp\/v2\/pages"}],"about":[{"href":"http:\/\/cristinarascon.com.mx\/fr\/wp-json\/wp\/v2\/types\/page"}],"author":[{"embeddable":true,"href":"http:\/\/cristinarascon.com.mx\/fr\/wp-json\/wp\/v2\/users\/5"}],"replies":[{"embeddable":true,"href":"http:\/\/cristinarascon.com.mx\/fr\/wp-json\/wp\/v2\/comments?post=941"}],"version-history":[{"count":5,"href":"http:\/\/cristinarascon.com.mx\/fr\/wp-json\/wp\/v2\/pages\/941\/revisions"}],"predecessor-version":[{"id":1190,"href":"http:\/\/cristinarascon.com.mx\/fr\/wp-json\/wp\/v2\/pages\/941\/revisions\/1190"}],"up":[{"embeddable":true,"href":"http:\/\/cristinarascon.com.mx\/fr\/wp-json\/wp\/v2\/pages\/416"}],"wp:attachment":[{"href":"http:\/\/cristinarascon.com.mx\/fr\/wp-json\/wp\/v2\/media?parent=941"}],"curies":[{"name":"wp","href":"https:\/\/api.w.org\/{rel}","templated":true}]}}