{"id":881,"date":"2013-08-28T06:15:20","date_gmt":"2013-08-28T11:15:20","guid":{"rendered":"http:\/\/cristinarascon.com.mx\/?page_id=881"},"modified":"2015-12-23T17:51:26","modified_gmt":"2015-12-23T23:51:26","slug":"hanami","status":"publish","type":"page","link":"http:\/\/cristinarascon.com.mx\/fr\/hanami\/","title":{"rendered":"Hanami"},"content":{"rendered":"<p><img loading=\"lazy\" decoding=\"async\" class=\"alignleft size-full wp-image-320\" alt=\"2\" src=\"http:\/\/cristinarascon.com.mx\/\/wp-content\/uploads\/2013\/03\/2.jpg\" width=\"192\" height=\"284\" \/>\u00c9ditions Tierra Adentro, 2009.<br \/>\n<strong>Litt\u00e9rature :<\/strong> Fiction (nouvelles).<br \/>\n<strong>Auteur :<\/strong> Cristina Rasc\u00f3n Castro.<br \/>\nPrix Latino-am\u00e9ricain de la Nouvelle \u00ab Benem\u00e9rito de Am\u00e9rica \u00bb, 2005.<\/p>\n<p style=\"text-align: justify;\"><em>\u00ab\u00a0Une prose au trait ferme qui trouve dans les valeurs orientales de l\u2019ordre, la mesure et l\u2019espace d\u00e9broussaill\u00e9s, ses d\u00e9tonants de la beaut\u00e9. Chacune de ses huit nouvelles qui composent Hanami, peut se targuer d\u2019un trait pr\u00e9cis de langage qui provient d\u2019une fascination pour l\u2019\u00e9tranger et qui, \u00e0 partir de cet \u00e9tonnement, met l\u2019identit\u00e9 de l\u2019\u00e9tranger \u00e0 dialoguer avec le Japon actuel. Cette projection rassemble la tradition kanji en passant par le Ryu Murakami et le Banana Yoshimoto. Une vieille femme qui prom\u00e8ne ses plantes \u00e0 v\u00e9lo, des enfants dans une cr\u00e8che au beau milieu d\u2019une h\u00e9morragie provoqu\u00e9e par la grippe aviaire, des bars o\u00f9 des filles de 20 ans vivent une vie luxueuse sous la domination d&rsquo;un tyran ; les fantaisies lesbiennes de l\u2019anime et d&rsquo;autres genres de d\u00e9pliants visuels cohabitent dans une remise bien calibr\u00e9e et le tout avec une petite touche incisive.\u00a0\u00bb<\/em><\/p>\n<p style=\"text-align: right;\"><strong>Tierra Adentro, CONACULTA.<\/strong><\/p>\n<p>Quelques nouvelles d\u2019 Hanami: <i>Hanami<\/i>:<\/p>\n<ul>\n<li><b>Senil casualidad \u00a0 \u00a0<a href=\"http:\/\/cristinarascon.com.mx\/wp-content\/uploads\/2013\/03\/SENIL-CASUALIDAD-ALEMAN.pdf\"><img loading=\"lazy\" decoding=\"async\" class=\"alignnone size-full wp-image-503\" alt=\"bandera-alemania\" src=\"http:\/\/cristinarascon.com.mx\/wp-content\/uploads\/2013\/03\/bandera-alemania.png\" width=\"24\" height=\"16\" \/><\/a>\u00a0 <a href=\"http:\/\/cristinarascon.com.mx\/wp-content\/uploads\/2013\/03\/SENIL-CASUALIDAD-ESP.pdf\"><img loading=\"lazy\" decoding=\"async\" class=\"alignnone size-full wp-image-414\" alt=\"bandera-mexico\" src=\"http:\/\/cristinarascon.com.mx\/wp-content\/uploads\/2013\/02\/bandera-mexico.png\" width=\"24\" height=\"14\" \/><\/a>\u00a0 <a href=\"http:\/\/cristinarascon.com.mx\/wp-content\/uploads\/2013\/03\/SENIL-CASUALIDAD-ENGLISH-todavia-no-rev.pdf\"><img loading=\"lazy\" decoding=\"async\" class=\"alignnone size-full wp-image-435\" alt=\"bandera-uk\" src=\"http:\/\/cristinarascon.com.mx\/wp-content\/uploads\/2013\/03\/bandera-uk.png\" width=\"24\" height=\"12\" \/><\/a>\u00a0\u00a0<a href=\"http:\/\/cristinarascon.com.mx\/wp-content\/uploads\/2013\/03\/SENIL-CASUALIDAD-JAPONES.pdf\"><img loading=\"lazy\" decoding=\"async\" class=\"alignnone size-full wp-image-433\" alt=\"bandera-jap\" src=\"http:\/\/cristinarascon.com.mx\/wp-content\/uploads\/2013\/03\/bandera-jap.png\" width=\"24\" height=\"16\" \/><\/a><\/b><\/li>\n<li><b>Anime Animal \u00a0 \u00a0<a href=\"http:\/\/cristinarascon.com.mx\/wp-content\/uploads\/2013\/03\/ANIME-ANIMAL-ESP.pdf\"><img loading=\"lazy\" decoding=\"async\" class=\"alignnone size-full wp-image-414\" alt=\"bandera-mexico\" src=\"http:\/\/cristinarascon.com.mx\/wp-content\/uploads\/2013\/02\/bandera-mexico.png\" width=\"24\" height=\"14\" \/><\/a>\u00a0<a href=\"http:\/\/cristinarascon.com.mx\/wp-content\/uploads\/2013\/03\/ANIME-ANIMAL-FRANCES.pdf\"><img loading=\"lazy\" decoding=\"async\" class=\"alignnone size-full wp-image-432\" alt=\"bandera-fra\" src=\"http:\/\/cristinarascon.com.mx\/wp-content\/uploads\/2013\/03\/bandera-fra.png\" width=\"24\" height=\"16\" \/><\/a>\u00a0<a href=\"http:\/\/cristinarascon.com.mx\/wp-content\/uploads\/2013\/03\/ANIME-ANIMAL-ENG-todavia-no-rev.pdf\"><img loading=\"lazy\" decoding=\"async\" class=\"alignnone size-full wp-image-435\" alt=\"bandera-uk\" src=\"http:\/\/cristinarascon.com.mx\/wp-content\/uploads\/2013\/03\/bandera-uk.png\" width=\"24\" height=\"12\" \/>\u00a0<\/a><\/b><\/li>\n<li><b>Leyenda sin tierra \u00a0 \u00a0<a href=\"http:\/\/cristinarascon.com.mx\/wp-content\/uploads\/2013\/03\/LEYENDA-SIN-TIERRA-ESP-ENG.pdf\"><img loading=\"lazy\" decoding=\"async\" class=\"alignnone size-full wp-image-414\" alt=\"bandera-mexico\" src=\"http:\/\/cristinarascon.com.mx\/wp-content\/uploads\/2013\/02\/bandera-mexico.png\" width=\"24\" height=\"14\" \/><\/a>\u00a0 \u00a0\u00a0<a href=\"http:\/\/cristinarascon.com.mx\/wp-content\/uploads\/2013\/05\/LEYENDA_SIN_TIERRA_JAP_full.pdf\"><img loading=\"lazy\" decoding=\"async\" class=\"alignnone size-full wp-image-433\" alt=\"bandera-jap\" src=\"http:\/\/cristinarascon.com.mx\/wp-content\/uploads\/2013\/03\/bandera-jap.png\" width=\"24\" height=\"16\" \/><\/a><\/b><\/li>\n<li><em id=\"__mceDel\"><b>Hanami\u00a0<a href=\"http:\/\/cristinarascon.com.mx\/wp-content\/uploads\/2013\/03\/HANAMI-ESP.pdf\"><img loading=\"lazy\" decoding=\"async\" class=\"alignnone size-full wp-image-414\" alt=\"bandera-mexico\" src=\"http:\/\/cristinarascon.com.mx\/wp-content\/uploads\/2013\/02\/bandera-mexico.png\" width=\"24\" height=\"14\" \/><\/a><\/b><\/em><\/li>\n<\/ul>\n<hr \/>\n<p><strong>O\u00f9 l\u2019acheter :<\/strong><\/p>\n<p><a href=\"http:\/\/www.educal.com.mx\/listado.php?busqueda=hanami&amp;resultados=20\">http:\/\/www.educal.com.mx\/listado.php?busqueda=hanami&amp;resultados=20<\/a><br \/>\n<a href=\"http:\/\/www.conaculta.gob.mx\/tierra\/fondo.htm\">http:\/\/www.conaculta.gob.mx\/tierra\/fondo.htm<\/a><\/p>","protected":false},"excerpt":{"rendered":"<p>\u00c9ditions Tierra Adentro, 2009. Litt\u00e9rature : Fiction (nouvelles). Auteur : Cristina Rasc\u00f3n Castro. Prix Latino-am\u00e9ricain de la Nouvelle \u00ab Benem\u00e9rito de Am\u00e9rica \u00bb, 2005. \u00ab\u00a0Une prose au trait ferme qui trouve dans les valeurs orientales de l\u2019ordre, la mesure et l\u2019espace d\u00e9broussaill\u00e9s, ses d\u00e9tonants de la beaut\u00e9. Chacune de ses huit nouvelles qui composent Hanami, [&hellip;]<\/p>\n","protected":false},"author":5,"featured_media":0,"parent":0,"menu_order":0,"comment_status":"closed","ping_status":"closed","template":"","meta":{"_et_pb_use_builder":"","_et_pb_old_content":"","_et_gb_content_width":"","_exactmetrics_skip_tracking":false,"_exactmetrics_sitenote_active":false,"_exactmetrics_sitenote_note":"","_exactmetrics_sitenote_category":0,"footnotes":""},"class_list":["post-881","page","type-page","status-publish","hentry"],"aioseo_notices":[],"_links":{"self":[{"href":"http:\/\/cristinarascon.com.mx\/fr\/wp-json\/wp\/v2\/pages\/881","targetHints":{"allow":["GET"]}}],"collection":[{"href":"http:\/\/cristinarascon.com.mx\/fr\/wp-json\/wp\/v2\/pages"}],"about":[{"href":"http:\/\/cristinarascon.com.mx\/fr\/wp-json\/wp\/v2\/types\/page"}],"author":[{"embeddable":true,"href":"http:\/\/cristinarascon.com.mx\/fr\/wp-json\/wp\/v2\/users\/5"}],"replies":[{"embeddable":true,"href":"http:\/\/cristinarascon.com.mx\/fr\/wp-json\/wp\/v2\/comments?post=881"}],"version-history":[{"count":7,"href":"http:\/\/cristinarascon.com.mx\/fr\/wp-json\/wp\/v2\/pages\/881\/revisions"}],"predecessor-version":[{"id":1220,"href":"http:\/\/cristinarascon.com.mx\/fr\/wp-json\/wp\/v2\/pages\/881\/revisions\/1220"}],"wp:attachment":[{"href":"http:\/\/cristinarascon.com.mx\/fr\/wp-json\/wp\/v2\/media?parent=881"}],"curies":[{"name":"wp","href":"https:\/\/api.w.org\/{rel}","templated":true}]}}