{"id":464,"date":"2013-03-08T18:54:23","date_gmt":"2013-03-09T00:54:23","guid":{"rendered":"http:\/\/cristinarascon.com.mx\/?page_id=464"},"modified":"2015-12-23T17:47:48","modified_gmt":"2015-12-23T23:47:48","slug":"curso-taller-de-generos-narrativos","status":"publish","type":"page","link":"http:\/\/cristinarascon.com.mx\/fr\/curso-taller-de-generos-narrativos\/","title":{"rendered":"&#8211; COURS-ATELIER DES DIFF\u00c9RENTS GENRES  NARRATIFS"},"content":{"rendered":"<p>Cours destin\u00e9 aux personnes int\u00e9ress\u00e9es\u00a0par comprendre, analyser et s&rsquo;essayer aux diff\u00e9rents genres\u00a0narratifs tels que la po\u00e9sie, la prose po\u00e9tique, la micronouvelle,\u00a0la nouvelle, le roman, l&rsquo;autobiographie, la traduction litt\u00e9raire\u00a0et l&rsquo;essai. \u00a0L&rsquo;objectif de ce cours est d&rsquo;\u00e9veiller la cr\u00e9ativit\u00e9,\u00a0d&rsquo;\u00e9crire pendant les heures de l&rsquo;atelier, \u00e0 partir d&rsquo;exercices de\u00a0concentration et ainsi, trouver sa propre voix et langage. Il s&rsquo;agira\u00a0de m\u00ealer le th\u00e8me et la forme dans le langage narratif. Faire de\u00a0la fiction \u00e0 travers des histoires et des personnages. Manuel de\u00a0lectures et exercices.<\/p>\n<p><strong>Dur\u00e9e :<\/strong> 6 sc\u00e9ances, 12 heures au total.<\/p>","protected":false},"excerpt":{"rendered":"<p>Cours destin\u00e9 aux personnes int\u00e9ress\u00e9es\u00a0par comprendre, analyser et s&rsquo;essayer aux diff\u00e9rents genres\u00a0narratifs tels que la po\u00e9sie, la prose po\u00e9tique, la micronouvelle,\u00a0la nouvelle, le roman, l&rsquo;autobiographie, la traduction litt\u00e9raire\u00a0et l&rsquo;essai. \u00a0L&rsquo;objectif de ce cours est d&rsquo;\u00e9veiller la cr\u00e9ativit\u00e9,\u00a0d&rsquo;\u00e9crire pendant les heures de l&rsquo;atelier, \u00e0 partir d&rsquo;exercices de\u00a0concentration et ainsi, trouver sa propre voix et langage. Il [&hellip;]<\/p>\n","protected":false},"author":5,"featured_media":0,"parent":0,"menu_order":0,"comment_status":"closed","ping_status":"closed","template":"","meta":{"_et_pb_use_builder":"","_et_pb_old_content":"","_et_gb_content_width":"","_exactmetrics_skip_tracking":false,"_exactmetrics_sitenote_active":false,"_exactmetrics_sitenote_note":"","_exactmetrics_sitenote_category":0,"footnotes":""},"class_list":["post-464","page","type-page","status-publish","hentry"],"aioseo_notices":[],"_links":{"self":[{"href":"http:\/\/cristinarascon.com.mx\/fr\/wp-json\/wp\/v2\/pages\/464","targetHints":{"allow":["GET"]}}],"collection":[{"href":"http:\/\/cristinarascon.com.mx\/fr\/wp-json\/wp\/v2\/pages"}],"about":[{"href":"http:\/\/cristinarascon.com.mx\/fr\/wp-json\/wp\/v2\/types\/page"}],"author":[{"embeddable":true,"href":"http:\/\/cristinarascon.com.mx\/fr\/wp-json\/wp\/v2\/users\/5"}],"replies":[{"embeddable":true,"href":"http:\/\/cristinarascon.com.mx\/fr\/wp-json\/wp\/v2\/comments?post=464"}],"version-history":[{"count":4,"href":"http:\/\/cristinarascon.com.mx\/fr\/wp-json\/wp\/v2\/pages\/464\/revisions"}],"predecessor-version":[{"id":1135,"href":"http:\/\/cristinarascon.com.mx\/fr\/wp-json\/wp\/v2\/pages\/464\/revisions\/1135"}],"wp:attachment":[{"href":"http:\/\/cristinarascon.com.mx\/fr\/wp-json\/wp\/v2\/media?parent=464"}],"curies":[{"name":"wp","href":"https:\/\/api.w.org\/{rel}","templated":true}]}}