{"id":1076,"date":"2014-02-17T03:39:51","date_gmt":"2014-02-17T09:39:51","guid":{"rendered":"http:\/\/cristinarascon.com.mx\/?page_id=1076"},"modified":"2015-12-23T17:53:20","modified_gmt":"2015-12-23T23:53:20","slug":"shanghai-2011","status":"publish","type":"page","link":"http:\/\/cristinarascon.com.mx\/fr\/shanghai-2011\/","title":{"rendered":"SHANGH\u00c1I 2011"},"content":{"rendered":"<p><strong>ASSOCIATION D&rsquo;\u00c9CRIVAINS DE SHANGAI<\/strong><br \/>\nR\u00e9sidence internationale d&rsquo;\u00e9crivains.<\/p>\n<p>L&rsquo;Association d&rsquo;\u00c9crivains de Shangai invite, chaque ann\u00e9e, sept \u00e9crivains du monde entier, de n&rsquo;importe quelle langue \u00e0 r\u00e9sider pendant deux mois dans la ville de Shangai. Ceci dans le but de contribuer avec leur talent et cr\u00e9ativit\u00e9 aux exp\u00e9riences culturelles de Shangai. Cette r\u00e9sidence n&rsquo;a pas pour objectif final de terminer un projet sp\u00e9cifique d&rsquo;\u00e9criture pendant le s\u00e9jour, mais de dialoguer avec les lecteurs et \u00e9crivains Chinois afin de conna\u00eetre les th\u00e8mes et les techniques d&rsquo;\u00e9criture utilis\u00e9s par les deux parties. Les \u00e9crivains r\u00e9sidents sont invit\u00e9s \u00e0 faire des lectures d&rsquo;oeuvre, \u00e0 donner des conf\u00e9rences ainsi qu&rsquo;\u00e0 participer aux conf\u00e9rences de presse, aux \u00e9v\u00e8nements de convivialit\u00e9 et aux d\u00e9bats litt\u00e9raires avec des auteurs locaux. Ils sont aussi convi\u00e9s \u00e0 rencontrer des maisons d&rsquo;\u00e9dition et \u00e0 coexister avec la culture chinoise.<\/p>\n<p dir=\"ltr\">\u00a0L&rsquo;Association pourvoit le transport a\u00e9rien jusqu&rsquo;\u00e0 Shangai et l&rsquo;h\u00e9bergement dans la ville. Elle apporte aussi un soutien \u00e9conomique de 100 RMB par jour pour couvrir quelques d\u00e9penses personnelles. Pour participer \u00e0 la convocation, vous devez envoyer une biographie, une photographie et des exemples de votre oeuvre litt\u00e9raire \u00e0 l&rsquo;adresse mail suivante :\u00a0<a href=\"mailto:huph111@163.com\">huph111@163.com<\/a>. Tout le mat\u00e9riel doit \u00eatre envoy\u00e9 en anglais ou en chinois pour \u00eatre mis \u00e0 la disposition de la d\u00e9cision du jury. Pour plus de renseignements, visitez la page web de l&rsquo;Association \u00c9crivains de Shangai :\u00a0( link de la Asociaci\u00f3n de Escritores de Shanghai:\u00a0<a href=\"http:\/\/www.zjjlb.net\/channel\/13417430\">http:\/\/www.zjjlb.net\/channel\/13417430<\/a>\u00a0)<\/p>\n<p dir=\"ltr\">\n<p>Pour la p\u00e9riode d&rsquo;Octobre-Novembre 2011, les artistes s\u00e9lectionn\u00e9s comme r\u00e9sidents ont \u00e9t\u00e9 :<\/p>\n<p><a href=\"http:\/\/www.mercuredefrance.fr\/auteur-Alma_Brami-68-1-1-0-1.html\">Alma Brami <\/a>(France)<br \/>\n<a href=\"http:\/\/amal.tomali.net\/\">Amal Chatterjee <\/a>(Inde\/Pays-Bas)<br \/>\n<a href=\"http:\/\/www.poetryinternationalweb.net\/pi\/site\/poet\/item\/8675\/30\/Colm-Breathnach\">Colm Breathnach<\/a> (Irlande)<br \/>\n<a href=\"http:\/\/cristinarascon.com.mx\/\">Cristina Rasc\u00f3n Castro<\/a> (Mexique)<br \/>\n<a href=\"http:\/\/www.uqp.uq.edu.au\/Author.aspx\/1587\/Neil,%20Linda\">Linda Neil <\/a>(Australie)<br \/>\n<a href=\"http:\/\/fr.wikipedia.org\/wiki\/Philippe_Rahmy\">Philippe Rahmy <\/a>(Suisse)<br \/>\n<a href=\"http:\/\/www.sudeepsen.net\">Sudeep Sen<\/a> (Inde)<\/p>\n<p dir=\"ltr\">Vous pouvez en savoir plus \u00e0 propos de ce groupe dans la r\u00e9sidence d&rsquo;\u00e9crivains, cuv\u00e9e 2011 sur:\u00a0<a href=\"http:\/\/www.zjjlb.net\/channel\/15088471\">http:\/\/www.zjjlb.net\/channel\/15088471<\/a><\/p>\n<p>\u00a0Durant mon s\u00e9jour de deux mois, j&rsquo;ai offert environ 20 lectures d&rsquo;oeuvre, des expositions et des d\u00e9bats \u00e0 l&rsquo;Universit\u00e9 de Fudan, au Tec de Monterrey, \u00e0 l&rsquo;Institut Cervantes, au Consulat du Mexique, \u00e0 l&rsquo;Ambassade de l&rsquo;Inde, au Consulat de Suisse, au Caf\u00e9 Glamour, au Cercle d&rsquo;art MADNESS, \u00e0 la Maison d&rsquo;\u00c9crivains de Shangai, au Centre Interculturel de Hangzhou, parmi bien d&rsquo;autres institutions culturelles. Les interventions doivent se faire en anglais avec une traduction au chinois mais, \u00e0 chaque fois que cela m&rsquo;a \u00e9t\u00e9 possible, j&rsquo;ai lu mon oeuvre dans ma langue initiale d&rsquo;\u00e9criture : c&rsquo;est-\u00e0-dire en espagnol, en proposant une traduction en chinois et en anglais en projetant le texte et\/ou offrant le mat\u00e9riel imprim\u00e9. \u00a0Pendant mon s\u00e9jour \u00e0 Shangai, j&rsquo;ai eu la chance de rencontrer des narrateurs, des po\u00e8tes, des \u00e9crivains d&rsquo;haiku, des \u00e9diteurs, des diplomates, des professeurs et des gestionnaires culturels, aussi bien Chinois que Mexicains, Europ\u00e9ens ou encore Asiatiques. Avec eux, nous avons pu discuter et analyser chacun notre travail \u00e0 ce moment-l\u00e0. Sans nul doute, quelques amiti\u00e9s et visions sont n\u00e9es gr\u00e2ce \u00e0 cette exp\u00e9rience. J&rsquo;ai aussi offert deux ateliers d&rsquo;\u00e9criture cr\u00e9ative en espagnol \u00e0 des \u00e9tudiants chinois mais aussi d&rsquo;autres nationalit\u00e9s, au sein de l&rsquo;Institut Cervantes. Lors de ce s\u00e9jour en Chine, des textes fictifs et autobiographiques ont vu le jour, que j&rsquo;ai ensuite int\u00e9gr\u00e9 \u00e0 un projet plus vaste d&rsquo;autofiction. J&rsquo;ai \u00e9galement cr\u00e9\u00e9 une s\u00e9rie de haikus et des po\u00e8mes en rime libre. Apr\u00e8s ce s\u00e9jour, je suis all\u00e9e \u00e0 Tokyo, au Japon, o\u00f9 j&rsquo;ai donn\u00e9 un atelier d&rsquo;\u00e9criture cr\u00e9ative \u00e0 l&rsquo;Institut Cervantes.<\/p>\n<p><a class=\"fancybox\" href=\"http:\/\/cristinarascon.com.mx\/\/wp-content\/uploads\/2013\/03\/CHiNA-7.jpg\" rel=\"fancybox\"><img loading=\"lazy\" decoding=\"async\" class=\"alignnone size-thumbnail wp-image-271\" alt=\"CHiNA 7\" src=\"http:\/\/cristinarascon.com.mx\/\/wp-content\/uploads\/2013\/03\/CHiNA-7-150x150.jpg\" width=\"150\" height=\"150\" \/><\/a> <a class=\"fancybox\" href=\"http:\/\/cristinarascon.com.mx\/\/wp-content\/uploads\/2013\/03\/CHINA-8.jpg\" rel=\"fancybox\"><img loading=\"lazy\" decoding=\"async\" class=\"alignnone size-thumbnail wp-image-272\" alt=\"CHINA 8\" src=\"http:\/\/cristinarascon.com.mx\/\/wp-content\/uploads\/2013\/03\/CHINA-8-150x150.jpg\" width=\"150\" height=\"150\" \/><\/a> <a class=\"fancybox\" href=\"http:\/\/cristinarascon.com.mx\/\/wp-content\/uploads\/2013\/03\/CHINA-6.jpg\" rel=\"fancybox\"><img loading=\"lazy\" decoding=\"async\" class=\"alignnone size-thumbnail wp-image-270\" alt=\"CHINA 6\" src=\"http:\/\/cristinarascon.com.mx\/\/wp-content\/uploads\/2013\/03\/CHINA-6-150x150.jpg\" width=\"150\" height=\"150\" \/><\/a> <a class=\"fancybox\" href=\"http:\/\/cristinarascon.com.mx\/\/wp-content\/uploads\/2013\/03\/CHINA-4.jpg\" rel=\"fancybox\"><img loading=\"lazy\" decoding=\"async\" class=\"alignnone size-thumbnail wp-image-268\" alt=\"CHINA 4\" src=\"http:\/\/cristinarascon.com.mx\/\/wp-content\/uploads\/2013\/03\/CHINA-4-150x150.jpg\" width=\"150\" height=\"150\" \/><\/a> <a href=\"http:\/\/cristinarascon.com.mx\/\/wp-content\/uploads\/2013\/03\/ChiNA-5.jpg\"><img loading=\"lazy\" decoding=\"async\" class=\"alignnone size-thumbnail wp-image-269\" alt=\"ChiNA 5\" src=\"http:\/\/cristinarascon.com.mx\/\/wp-content\/uploads\/2013\/03\/ChiNA-5-150x150.jpg\" width=\"150\" height=\"150\" \/><\/a> <a href=\"http:\/\/cristinarascon.com.mx\/\/wp-content\/uploads\/2013\/03\/CHINA-3-todos-consul-suizo.jpg\"><img loading=\"lazy\" decoding=\"async\" class=\"alignnone size-thumbnail wp-image-267\" alt=\"CHINA 3 todos consul suizo\" src=\"http:\/\/cristinarascon.com.mx\/\/wp-content\/uploads\/2013\/03\/CHINA-3-todos-consul-suizo-150x150.jpg\" width=\"150\" height=\"150\" \/><\/a> <a href=\"http:\/\/cristinarascon.com.mx\/\/wp-content\/uploads\/2013\/03\/CHiNA-1-todos-hangzhou.jpg\"><img loading=\"lazy\" decoding=\"async\" class=\"alignnone size-thumbnail wp-image-265\" alt=\"CHiNA 1 todos hangzhou\" src=\"http:\/\/cristinarascon.com.mx\/\/wp-content\/uploads\/2013\/03\/CHiNA-1-todos-hangzhou-150x150.jpg\" width=\"150\" height=\"150\" \/><\/a> <a href=\"http:\/\/cristinarascon.com.mx\/\/wp-content\/uploads\/2013\/03\/CHINA-2.jpg\"><img loading=\"lazy\" decoding=\"async\" class=\"alignnone size-thumbnail wp-image-266 aligncenter\" alt=\"CHINA 2\" src=\"http:\/\/cristinarascon.com.mx\/\/wp-content\/uploads\/2013\/03\/CHINA-2-150x150.jpg\" width=\"150\" height=\"150\" \/><\/a><\/p>","protected":false},"excerpt":{"rendered":"<p>ASSOCIATION D&rsquo;\u00c9CRIVAINS DE SHANGAI R\u00e9sidence internationale d&rsquo;\u00e9crivains. L&rsquo;Association d&rsquo;\u00c9crivains de Shangai invite, chaque ann\u00e9e, sept \u00e9crivains du monde entier, de n&rsquo;importe quelle langue \u00e0 r\u00e9sider pendant deux mois dans la ville de Shangai. Ceci dans le but de contribuer avec leur talent et cr\u00e9ativit\u00e9 aux exp\u00e9riences culturelles de Shangai. Cette r\u00e9sidence n&rsquo;a pas pour objectif [&hellip;]<\/p>\n","protected":false},"author":5,"featured_media":0,"parent":0,"menu_order":0,"comment_status":"closed","ping_status":"closed","template":"","meta":{"_et_pb_use_builder":"","_et_pb_old_content":"","_et_gb_content_width":"","_exactmetrics_skip_tracking":false,"_exactmetrics_sitenote_active":false,"_exactmetrics_sitenote_note":"","_exactmetrics_sitenote_category":0,"footnotes":""},"class_list":["post-1076","page","type-page","status-publish","hentry"],"aioseo_notices":[],"_links":{"self":[{"href":"http:\/\/cristinarascon.com.mx\/fr\/wp-json\/wp\/v2\/pages\/1076","targetHints":{"allow":["GET"]}}],"collection":[{"href":"http:\/\/cristinarascon.com.mx\/fr\/wp-json\/wp\/v2\/pages"}],"about":[{"href":"http:\/\/cristinarascon.com.mx\/fr\/wp-json\/wp\/v2\/types\/page"}],"author":[{"embeddable":true,"href":"http:\/\/cristinarascon.com.mx\/fr\/wp-json\/wp\/v2\/users\/5"}],"replies":[{"embeddable":true,"href":"http:\/\/cristinarascon.com.mx\/fr\/wp-json\/wp\/v2\/comments?post=1076"}],"version-history":[{"count":7,"href":"http:\/\/cristinarascon.com.mx\/fr\/wp-json\/wp\/v2\/pages\/1076\/revisions"}],"predecessor-version":[{"id":1233,"href":"http:\/\/cristinarascon.com.mx\/fr\/wp-json\/wp\/v2\/pages\/1076\/revisions\/1233"}],"wp:attachment":[{"href":"http:\/\/cristinarascon.com.mx\/fr\/wp-json\/wp\/v2\/media?parent=1076"}],"curies":[{"name":"wp","href":"https:\/\/api.w.org\/{rel}","templated":true}]}}