{"id":1002,"date":"2013-10-08T07:07:49","date_gmt":"2013-10-08T12:07:49","guid":{"rendered":"http:\/\/cristinarascon.com.mx\/?page_id=1002"},"modified":"2015-12-23T17:45:56","modified_gmt":"2015-12-23T23:45:56","slug":"sono-masumoto","status":"publish","type":"page","link":"http:\/\/cristinarascon.com.mx\/fr\/creditos\/sono-masumoto\/","title":{"rendered":"Sono Masumoto"},"content":{"rendered":"<p class=\"qtranxs-available-languages-message qtranxs-available-languages-message-fr\">D\u00e9sol\u00e9, cet article est seulement disponible en <a href=\"http:\/\/cristinarascon.com.mx\/es\/wp-json\/wp\/v2\/pages\/1002\" class=\"qtranxs-available-language-link qtranxs-available-language-link-es\" title=\"Espa\u00f1ol\">Espa\u00f1ol<\/a>.<\/p>","protected":false},"excerpt":{"rendered":"<p>D\u00e9sol\u00e9, cet article est seulement disponible en Espa\u00f1ol.<\/p>\n","protected":false},"author":5,"featured_media":0,"parent":416,"menu_order":0,"comment_status":"closed","ping_status":"closed","template":"","meta":{"_et_pb_use_builder":"","_et_pb_old_content":"","_et_gb_content_width":"","_exactmetrics_skip_tracking":false,"_exactmetrics_sitenote_active":false,"_exactmetrics_sitenote_note":"","_exactmetrics_sitenote_category":0,"footnotes":""},"class_list":["post-1002","page","type-page","status-publish","hentry"],"aioseo_notices":[],"_links":{"self":[{"href":"http:\/\/cristinarascon.com.mx\/fr\/wp-json\/wp\/v2\/pages\/1002","targetHints":{"allow":["GET"]}}],"collection":[{"href":"http:\/\/cristinarascon.com.mx\/fr\/wp-json\/wp\/v2\/pages"}],"about":[{"href":"http:\/\/cristinarascon.com.mx\/fr\/wp-json\/wp\/v2\/types\/page"}],"author":[{"embeddable":true,"href":"http:\/\/cristinarascon.com.mx\/fr\/wp-json\/wp\/v2\/users\/5"}],"replies":[{"embeddable":true,"href":"http:\/\/cristinarascon.com.mx\/fr\/wp-json\/wp\/v2\/comments?post=1002"}],"version-history":[{"count":2,"href":"http:\/\/cristinarascon.com.mx\/fr\/wp-json\/wp\/v2\/pages\/1002\/revisions"}],"predecessor-version":[{"id":1199,"href":"http:\/\/cristinarascon.com.mx\/fr\/wp-json\/wp\/v2\/pages\/1002\/revisions\/1199"}],"up":[{"embeddable":true,"href":"http:\/\/cristinarascon.com.mx\/fr\/wp-json\/wp\/v2\/pages\/416"}],"wp:attachment":[{"href":"http:\/\/cristinarascon.com.mx\/fr\/wp-json\/wp\/v2\/media?parent=1002"}],"curies":[{"name":"wp","href":"https:\/\/api.w.org\/{rel}","templated":true}]}}