{"id":889,"date":"2013-08-29T05:39:46","date_gmt":"2013-08-29T10:39:46","guid":{"rendered":"http:\/\/cristinarascon.com.mx\/?page_id=889"},"modified":"2015-12-23T17:47:57","modified_gmt":"2015-12-23T23:47:57","slug":"el-agua-esta-helada","status":"publish","type":"page","link":"http:\/\/cristinarascon.com.mx\/de\/el-agua-esta-helada\/","title":{"rendered":"El agua est\u00e1 helada"},"content":{"rendered":"<p class=\"qtranxs-available-languages-message qtranxs-available-languages-message-de\">Leider ist der Eintrag nur auf <a href=\"http:\/\/cristinarascon.com.mx\/es\/wp-json\/wp\/v2\/pages\/889\" class=\"qtranxs-available-language-link qtranxs-available-language-link-es\" title=\"Espa\u00f1ol\">Espa\u00f1ol<\/a>, <a href=\"http:\/\/cristinarascon.com.mx\/en\/wp-json\/wp\/v2\/pages\/889\" class=\"qtranxs-available-language-link qtranxs-available-language-link-en\" title=\"English\">English<\/a>, <a href=\"http:\/\/cristinarascon.com.mx\/fr\/wp-json\/wp\/v2\/pages\/889\" class=\"qtranxs-available-language-link qtranxs-available-language-link-fr\" title=\"Fran\u00e7ais\">Fran\u00e7ais<\/a> und <a href=\"http:\/\/cristinarascon.com.mx\/pt\/wp-json\/wp\/v2\/pages\/889\" class=\"qtranxs-available-language-link qtranxs-available-language-link-pt\" title=\"Portugu\u00eas\">Portugu\u00eas<\/a> verf\u00fcgbar.<\/p>","protected":false},"excerpt":{"rendered":"<p>Leider ist der Eintrag nur auf Espa\u00f1ol, English, Fran\u00e7ais und Portugu\u00eas verf\u00fcgbar.<\/p>\n","protected":false},"author":5,"featured_media":0,"parent":0,"menu_order":0,"comment_status":"closed","ping_status":"closed","template":"","meta":{"_et_pb_use_builder":"","_et_pb_old_content":"","_et_gb_content_width":"","_exactmetrics_skip_tracking":false,"_exactmetrics_sitenote_active":false,"_exactmetrics_sitenote_note":"","_exactmetrics_sitenote_category":0,"footnotes":""},"class_list":["post-889","page","type-page","status-publish","hentry"],"aioseo_notices":[],"_links":{"self":[{"href":"http:\/\/cristinarascon.com.mx\/de\/wp-json\/wp\/v2\/pages\/889","targetHints":{"allow":["GET"]}}],"collection":[{"href":"http:\/\/cristinarascon.com.mx\/de\/wp-json\/wp\/v2\/pages"}],"about":[{"href":"http:\/\/cristinarascon.com.mx\/de\/wp-json\/wp\/v2\/types\/page"}],"author":[{"embeddable":true,"href":"http:\/\/cristinarascon.com.mx\/de\/wp-json\/wp\/v2\/users\/5"}],"replies":[{"embeddable":true,"href":"http:\/\/cristinarascon.com.mx\/de\/wp-json\/wp\/v2\/comments?post=889"}],"version-history":[{"count":8,"href":"http:\/\/cristinarascon.com.mx\/de\/wp-json\/wp\/v2\/pages\/889\/revisions"}],"predecessor-version":[{"id":1206,"href":"http:\/\/cristinarascon.com.mx\/de\/wp-json\/wp\/v2\/pages\/889\/revisions\/1206"}],"wp:attachment":[{"href":"http:\/\/cristinarascon.com.mx\/de\/wp-json\/wp\/v2\/media?parent=889"}],"curies":[{"name":"wp","href":"https:\/\/api.w.org\/{rel}","templated":true}]}}