{"id":866,"date":"2013-08-28T04:33:58","date_gmt":"2013-08-28T09:33:58","guid":{"rendered":"http:\/\/cristinarascon.com.mx\/?page_id=866"},"modified":"2019-01-29T11:04:04","modified_gmt":"2019-01-29T17:04:04","slug":"puede-que-un-sahuaro-seas-tu","status":"publish","type":"page","link":"http:\/\/cristinarascon.com.mx\/de\/puede-que-un-sahuaro-seas-tu\/","title":{"rendered":"Puede que un sahuaro seas t\u00fa"},"content":{"rendered":"<p class=\"qtranxs-available-languages-message qtranxs-available-languages-message-de\">Leider ist der Eintrag nur auf <a href=\"http:\/\/cristinarascon.com.mx\/es\/wp-json\/wp\/v2\/pages\/866\" class=\"qtranxs-available-language-link qtranxs-available-language-link-es\" title=\"Espa\u00f1ol\">Espa\u00f1ol<\/a>, <a href=\"http:\/\/cristinarascon.com.mx\/en\/wp-json\/wp\/v2\/pages\/866\" class=\"qtranxs-available-language-link qtranxs-available-language-link-en\" title=\"English\">English<\/a>, <a href=\"http:\/\/cristinarascon.com.mx\/fr\/wp-json\/wp\/v2\/pages\/866\" class=\"qtranxs-available-language-link qtranxs-available-language-link-fr\" title=\"Fran\u00e7ais\">Fran\u00e7ais<\/a> und <a href=\"http:\/\/cristinarascon.com.mx\/pt\/wp-json\/wp\/v2\/pages\/866\" class=\"qtranxs-available-language-link qtranxs-available-language-link-pt\" title=\"Portugu\u00eas\">Portugu\u00eas<\/a> verf\u00fcgbar.<\/p>","protected":false},"excerpt":{"rendered":"<p>Leider ist der Eintrag nur auf Espa\u00f1ol, English, Fran\u00e7ais und Portugu\u00eas verf\u00fcgbar.<\/p>\n","protected":false},"author":5,"featured_media":0,"parent":0,"menu_order":0,"comment_status":"closed","ping_status":"closed","template":"","meta":{"_et_pb_use_builder":"","_et_pb_old_content":"","_et_gb_content_width":"","_exactmetrics_skip_tracking":false,"_exactmetrics_sitenote_active":false,"_exactmetrics_sitenote_note":"","_exactmetrics_sitenote_category":0,"footnotes":""},"class_list":["post-866","page","type-page","status-publish","hentry"],"aioseo_notices":[],"_links":{"self":[{"href":"http:\/\/cristinarascon.com.mx\/de\/wp-json\/wp\/v2\/pages\/866","targetHints":{"allow":["GET"]}}],"collection":[{"href":"http:\/\/cristinarascon.com.mx\/de\/wp-json\/wp\/v2\/pages"}],"about":[{"href":"http:\/\/cristinarascon.com.mx\/de\/wp-json\/wp\/v2\/types\/page"}],"author":[{"embeddable":true,"href":"http:\/\/cristinarascon.com.mx\/de\/wp-json\/wp\/v2\/users\/5"}],"replies":[{"embeddable":true,"href":"http:\/\/cristinarascon.com.mx\/de\/wp-json\/wp\/v2\/comments?post=866"}],"version-history":[{"count":15,"href":"http:\/\/cristinarascon.com.mx\/de\/wp-json\/wp\/v2\/pages\/866\/revisions"}],"predecessor-version":[{"id":1514,"href":"http:\/\/cristinarascon.com.mx\/de\/wp-json\/wp\/v2\/pages\/866\/revisions\/1514"}],"wp:attachment":[{"href":"http:\/\/cristinarascon.com.mx\/de\/wp-json\/wp\/v2\/media?parent=866"}],"curies":[{"name":"wp","href":"https:\/\/api.w.org\/{rel}","templated":true}]}}