{"id":464,"date":"2013-03-08T18:54:23","date_gmt":"2013-03-09T00:54:23","guid":{"rendered":"http:\/\/cristinarascon.com.mx\/?page_id=464"},"modified":"2015-12-23T17:47:48","modified_gmt":"2015-12-23T23:47:48","slug":"curso-taller-de-generos-narrativos","status":"publish","type":"page","link":"http:\/\/cristinarascon.com.mx\/de\/curso-taller-de-generos-narrativos\/","title":{"rendered":"(Espa\u00f1ol) Curso-taller de g\u00e9neros narrativos"},"content":{"rendered":"<p class=\"qtranxs-available-languages-message qtranxs-available-languages-message-de\">Leider ist der Eintrag nur auf <a href=\"http:\/\/cristinarascon.com.mx\/es\/wp-json\/wp\/v2\/pages\/464\" class=\"qtranxs-available-language-link qtranxs-available-language-link-es\" title=\"Espa\u00f1ol\">Espa\u00f1ol<\/a>, <a href=\"http:\/\/cristinarascon.com.mx\/en\/wp-json\/wp\/v2\/pages\/464\" class=\"qtranxs-available-language-link qtranxs-available-language-link-en\" title=\"English\">English<\/a> und <a href=\"http:\/\/cristinarascon.com.mx\/fr\/wp-json\/wp\/v2\/pages\/464\" class=\"qtranxs-available-language-link qtranxs-available-language-link-fr\" title=\"Fran\u00e7ais\">Fran\u00e7ais<\/a> verf\u00fcgbar.<\/p>","protected":false},"excerpt":{"rendered":"<p>Leider ist der Eintrag nur auf Espa\u00f1ol, English und Fran\u00e7ais verf\u00fcgbar.<\/p>\n","protected":false},"author":5,"featured_media":0,"parent":0,"menu_order":0,"comment_status":"closed","ping_status":"closed","template":"","meta":{"_et_pb_use_builder":"","_et_pb_old_content":"","_et_gb_content_width":"","_exactmetrics_skip_tracking":false,"_exactmetrics_sitenote_active":false,"_exactmetrics_sitenote_note":"","_exactmetrics_sitenote_category":0,"footnotes":""},"class_list":["post-464","page","type-page","status-publish","hentry"],"aioseo_notices":[],"_links":{"self":[{"href":"http:\/\/cristinarascon.com.mx\/de\/wp-json\/wp\/v2\/pages\/464","targetHints":{"allow":["GET"]}}],"collection":[{"href":"http:\/\/cristinarascon.com.mx\/de\/wp-json\/wp\/v2\/pages"}],"about":[{"href":"http:\/\/cristinarascon.com.mx\/de\/wp-json\/wp\/v2\/types\/page"}],"author":[{"embeddable":true,"href":"http:\/\/cristinarascon.com.mx\/de\/wp-json\/wp\/v2\/users\/5"}],"replies":[{"embeddable":true,"href":"http:\/\/cristinarascon.com.mx\/de\/wp-json\/wp\/v2\/comments?post=464"}],"version-history":[{"count":4,"href":"http:\/\/cristinarascon.com.mx\/de\/wp-json\/wp\/v2\/pages\/464\/revisions"}],"predecessor-version":[{"id":1135,"href":"http:\/\/cristinarascon.com.mx\/de\/wp-json\/wp\/v2\/pages\/464\/revisions\/1135"}],"wp:attachment":[{"href":"http:\/\/cristinarascon.com.mx\/de\/wp-json\/wp\/v2\/media?parent=464"}],"curies":[{"name":"wp","href":"https:\/\/api.w.org\/{rel}","templated":true}]}}